{"id":69,"date":"2022-01-05T08:51:00","date_gmt":"2022-01-05T07:51:00","guid":{"rendered":"https:\/\/www.kocsokonyveles.hu\/?page_id=69"},"modified":"2022-07-21T15:33:15","modified_gmt":"2022-07-21T13:33:15","slug":"fooldal","status":"publish","type":"page","link":"https:\/\/www.kocsokonyveles.hu\/","title":{"rendered":"F\u0151oldal"},"content":{"rendered":"","protected":false},"excerpt":{"rendered":"","protected":false},"author":2,"featured_media":0,"parent":0,"menu_order":0,"comment_status":"closed","ping_status":"closed","template":"","meta":{"_acf_changed":false,"inline_featured_image":false,"footnotes":""},"class_list":["post-69","page","type-page","status-publish","hentry"],"acf":[],"yoast_head":"<!-- This site is optimized with the Yoast SEO plugin v26.0 - https:\/\/yoast.com\/wordpress\/plugins\/seo\/ -->\n<title>K\u00f3cs\u00f3 K\u00f6nyvel\u00e9s \u00e9s Ad\u00f3tan\u00e1csad\u00e1s - K\u00f6nyveltess velem<\/title>\n<meta name=\"description\" content=\"B\u00edzd r\u00e1m k\u00f6nyvel\u00e9si teend\u0151id vagy ad\u00f3jogi probl\u00e9m\u00e1id \u00e9s foglalkozz az \u00fczleted \u00e9rdemi r\u00e9sz\u00e9vel. K\u00e9rj ingyenes konzult\u00e1ci\u00f3t m\u00e9g ma.\" \/>\n<meta name=\"robots\" content=\"index, follow, max-snippet:-1, max-image-preview:large, max-video-preview:-1\" \/>\n<link rel=\"canonical\" href=\"https:\/\/www.kocsokonyveles.hu\/\" \/>\n<meta property=\"og:locale\" content=\"hu_HU\" \/>\n<meta property=\"og:type\" content=\"article\" \/>\n<meta property=\"og:title\" content=\"K\u00f3cs\u00f3 K\u00f6nyvel\u00e9s \u00e9s Ad\u00f3tan\u00e1csad\u00e1s\" \/>\n<meta property=\"og:description\" content=\"B\u00edzd r\u00e1m k\u00f6nyvel\u00e9si teend\u0151id \u00e9s foglalkozz az \u00fczleted \u00e9rdemi r\u00e9sz\u00e9vel. K\u00e9rj ingyenes konzult\u00e1ci\u00f3t m\u00e9g ma.\" \/>\n<meta property=\"og:url\" content=\"https:\/\/www.kocsokonyveles.hu\/\" \/>\n<meta property=\"og:site_name\" content=\"K&oacute;cs&oacute; K&ouml;nyvel&eacute;s\" \/>\n<meta property=\"article:modified_time\" content=\"2022-07-21T13:33:15+00:00\" \/>\n<meta property=\"og:image\" content=\"https:\/\/www.kocsokonyveles.hu\/wp-content\/uploads\/2021\/12\/hero-background-scaled-1.jpg\" \/>\n\t<meta property=\"og:image:width\" content=\"2560\" \/>\n\t<meta property=\"og:image:height\" content=\"1707\" \/>\n\t<meta property=\"og:image:type\" content=\"image\/jpeg\" \/>\n<meta name=\"twitter:card\" content=\"summary_large_image\" \/>\n<script type=\"application\/ld+json\" class=\"yoast-schema-graph\">{\"@context\":\"https:\/\/schema.org\",\"@graph\":[{\"@type\":\"WebPage\",\"@id\":\"https:\/\/www.kocsokonyveles.hu\/\",\"url\":\"https:\/\/www.kocsokonyveles.hu\/\",\"name\":\"K\u00f3cs\u00f3 K\u00f6nyvel\u00e9s \u00e9s Ad\u00f3tan\u00e1csad\u00e1s - K\u00f6nyveltess velem\",\"isPartOf\":{\"@id\":\"https:\/\/www.kocsokonyveles.hu\/#website\"},\"datePublished\":\"2022-01-05T07:51:00+00:00\",\"dateModified\":\"2022-07-21T13:33:15+00:00\",\"description\":\"B\u00edzd r\u00e1m k\u00f6nyvel\u00e9si teend\u0151id vagy ad\u00f3jogi probl\u00e9m\u00e1id \u00e9s foglalkozz az \u00fczleted \u00e9rdemi r\u00e9sz\u00e9vel. K\u00e9rj ingyenes konzult\u00e1ci\u00f3t m\u00e9g ma.\",\"breadcrumb\":{\"@id\":\"https:\/\/www.kocsokonyveles.hu\/#breadcrumb\"},\"inLanguage\":\"hu\",\"potentialAction\":[{\"@type\":\"ReadAction\",\"target\":[\"https:\/\/www.kocsokonyveles.hu\/\"]}]},{\"@type\":\"BreadcrumbList\",\"@id\":\"https:\/\/www.kocsokonyveles.hu\/#breadcrumb\",\"itemListElement\":[{\"@type\":\"ListItem\",\"position\":1,\"name\":\"Kezd\u0151lap\",\"item\":\"https:\/\/www.kocsokonyveles.hu\/\"},{\"@type\":\"ListItem\",\"position\":2,\"name\":\"F\u0151oldal\"}]},{\"@type\":\"WebSite\",\"@id\":\"https:\/\/www.kocsokonyveles.hu\/#website\",\"url\":\"https:\/\/www.kocsokonyveles.hu\/\",\"name\":\"K&oacute;cs&oacute; K&ouml;nyvel&eacute;s\",\"description\":\"K&ouml;nyvel&eacute;s, Ad&oacute;tan&aacute;csad&aacute;s\",\"potentialAction\":[{\"@type\":\"SearchAction\",\"target\":{\"@type\":\"EntryPoint\",\"urlTemplate\":\"https:\/\/www.kocsokonyveles.hu\/?s={search_term_string}\"},\"query-input\":{\"@type\":\"PropertyValueSpecification\",\"valueRequired\":true,\"valueName\":\"search_term_string\"}}],\"inLanguage\":\"hu\"}]}<\/script>\n<!-- \/ Yoast SEO plugin. -->","yoast_head_json":{"title":"K\u00f3cs\u00f3 K\u00f6nyvel\u00e9s \u00e9s Ad\u00f3tan\u00e1csad\u00e1s - K\u00f6nyveltess velem","description":"B\u00edzd r\u00e1m k\u00f6nyvel\u00e9si teend\u0151id vagy ad\u00f3jogi probl\u00e9m\u00e1id \u00e9s foglalkozz az \u00fczleted \u00e9rdemi r\u00e9sz\u00e9vel. K\u00e9rj ingyenes konzult\u00e1ci\u00f3t m\u00e9g ma.","robots":{"index":"index","follow":"follow","max-snippet":"max-snippet:-1","max-image-preview":"max-image-preview:large","max-video-preview":"max-video-preview:-1"},"canonical":"https:\/\/www.kocsokonyveles.hu\/","og_locale":"hu_HU","og_type":"article","og_title":"K\u00f3cs\u00f3 K\u00f6nyvel\u00e9s \u00e9s Ad\u00f3tan\u00e1csad\u00e1s","og_description":"B\u00edzd r\u00e1m k\u00f6nyvel\u00e9si teend\u0151id \u00e9s foglalkozz az \u00fczleted \u00e9rdemi r\u00e9sz\u00e9vel. K\u00e9rj ingyenes konzult\u00e1ci\u00f3t m\u00e9g ma.","og_url":"https:\/\/www.kocsokonyveles.hu\/","og_site_name":"K&oacute;cs&oacute; K&ouml;nyvel&eacute;s","article_modified_time":"2022-07-21T13:33:15+00:00","og_image":[{"width":2560,"height":1707,"url":"https:\/\/www.kocsokonyveles.hu\/wp-content\/uploads\/2021\/12\/hero-background-scaled-1.jpg","type":"image\/jpeg"}],"twitter_card":"summary_large_image","schema":{"@context":"https:\/\/schema.org","@graph":[{"@type":"WebPage","@id":"https:\/\/www.kocsokonyveles.hu\/","url":"https:\/\/www.kocsokonyveles.hu\/","name":"K\u00f3cs\u00f3 K\u00f6nyvel\u00e9s \u00e9s Ad\u00f3tan\u00e1csad\u00e1s - K\u00f6nyveltess velem","isPartOf":{"@id":"https:\/\/www.kocsokonyveles.hu\/#website"},"datePublished":"2022-01-05T07:51:00+00:00","dateModified":"2022-07-21T13:33:15+00:00","description":"B\u00edzd r\u00e1m k\u00f6nyvel\u00e9si teend\u0151id vagy ad\u00f3jogi probl\u00e9m\u00e1id \u00e9s foglalkozz az \u00fczleted \u00e9rdemi r\u00e9sz\u00e9vel. K\u00e9rj ingyenes konzult\u00e1ci\u00f3t m\u00e9g ma.","breadcrumb":{"@id":"https:\/\/www.kocsokonyveles.hu\/#breadcrumb"},"inLanguage":"hu","potentialAction":[{"@type":"ReadAction","target":["https:\/\/www.kocsokonyveles.hu\/"]}]},{"@type":"BreadcrumbList","@id":"https:\/\/www.kocsokonyveles.hu\/#breadcrumb","itemListElement":[{"@type":"ListItem","position":1,"name":"Kezd\u0151lap","item":"https:\/\/www.kocsokonyveles.hu\/"},{"@type":"ListItem","position":2,"name":"F\u0151oldal"}]},{"@type":"WebSite","@id":"https:\/\/www.kocsokonyveles.hu\/#website","url":"https:\/\/www.kocsokonyveles.hu\/","name":"K&oacute;cs&oacute; K&ouml;nyvel&eacute;s","description":"K&ouml;nyvel&eacute;s, Ad&oacute;tan&aacute;csad&aacute;s","potentialAction":[{"@type":"SearchAction","target":{"@type":"EntryPoint","urlTemplate":"https:\/\/www.kocsokonyveles.hu\/?s={search_term_string}"},"query-input":{"@type":"PropertyValueSpecification","valueRequired":true,"valueName":"search_term_string"}}],"inLanguage":"hu"}]}},"_links":{"self":[{"href":"https:\/\/www.kocsokonyveles.hu\/index.php?rest_route=\/wp\/v2\/pages\/69","targetHints":{"allow":["GET"]}}],"collection":[{"href":"https:\/\/www.kocsokonyveles.hu\/index.php?rest_route=\/wp\/v2\/pages"}],"about":[{"href":"https:\/\/www.kocsokonyveles.hu\/index.php?rest_route=\/wp\/v2\/types\/page"}],"author":[{"embeddable":true,"href":"https:\/\/www.kocsokonyveles.hu\/index.php?rest_route=\/wp\/v2\/users\/2"}],"replies":[{"embeddable":true,"href":"https:\/\/www.kocsokonyveles.hu\/index.php?rest_route=%2Fwp%2Fv2%2Fcomments&post=69"}],"version-history":[{"count":1,"href":"https:\/\/www.kocsokonyveles.hu\/index.php?rest_route=\/wp\/v2\/pages\/69\/revisions"}],"predecessor-version":[{"id":70,"href":"https:\/\/www.kocsokonyveles.hu\/index.php?rest_route=\/wp\/v2\/pages\/69\/revisions\/70"}],"wp:attachment":[{"href":"https:\/\/www.kocsokonyveles.hu\/index.php?rest_route=%2Fwp%2Fv2%2Fmedia&parent=69"}],"curies":[{"name":"wp","href":"https:\/\/api.w.org\/{rel}","templated":true}]}}